{"id":30807,"date":"2023-05-17T15:02:28","date_gmt":"2023-05-17T15:02:28","guid":{"rendered":"https:\/\/novahomes.es\/?page_id=30807"},"modified":"2023-12-28T10:28:59","modified_gmt":"2023-12-28T10:28:59","slug":"aviso-legal","status":"publish","type":"page","link":"https:\/\/novahomes.es\/en\/aviso-legal\/","title":{"rendered":"Legal warning"},"content":{"rendered":"<div data-elementor-type=\"wp-page\" data-elementor-id=\"30807\" class=\"elementor elementor-30807\" data-elementor-post-type=\"page\">\n\t\t\t\t\t\t<section class=\"elementor-section elementor-top-section elementor-element elementor-element-60c5b4e1 elementor-section-boxed elementor-section-height-default elementor-section-height-default\" data-id=\"60c5b4e1\" data-element_type=\"section\" data-e-type=\"section\">\n\t\t\t\t\t\t<div class=\"elementor-container elementor-column-gap-default\">\n\t\t\t\t\t<div class=\"elementor-column elementor-col-100 elementor-top-column elementor-element elementor-element-72bd6cff\" data-id=\"72bd6cff\" data-element_type=\"column\" data-e-type=\"column\">\n\t\t\t<div class=\"elementor-widget-wrap elementor-element-populated\">\n\t\t\t\t\t\t<div class=\"elementor-element elementor-element-15a571f9 elementor-widget elementor-widget-text-editor\" data-id=\"15a571f9\" data-element_type=\"widget\" data-e-type=\"widget\" data-widget_type=\"text-editor.default\">\n\t\t\t\t<div class=\"elementor-widget-container\">\n\t\t\t\t\t\t\t\t\t\n<h2>Identification and Ownership<\/h2>\n<p>In compliance with article 10 of Law 34\/2002, of July 11, on Information Society Services and Electronic Commerce, the Owner exposes his identifying data:<\/p>\n<p>\u00a0<\/p>\n<ul>\n<li><b>Headline:<\/b>\u00a0 Real Estate Services Isabel G\u00f3mez, SL<\/li>\n<li><b>NIF:<\/b>\u00a0B93501062<br \/>Registered in the commercial registry of Malaga, volume 5548, book 4455, section 8, folio 119, sheet MA135873. I\/A 1, registration September 13, 2016.<\/li>\n<li><b>Home:<\/b>\u00a0 Carretera de M\u00e1laga 103, Local 2 29120 Alhaur\u00edn El Grande, M\u00e1laga \u2013 Spain.<\/li>\n<li><b>Email:<\/b>\u00a0 isabel.gomez@novahomes.es<\/li>\n<li><b>Telephone contact:<\/b>\u00a0 952596261<\/li>\n<li><b>Website:<\/b>\u00a0\u00a0<a href=\"https:\/\/novahomes.es\/en\/\">https:\/\/novahomes.es<\/a><\/li>\n<\/ul>\n<p>\u00a0<\/p>\n<h2>Purpose<\/h2>\n<p>The purpose of the Website is: Information about properties.<\/p>\n<h2>Terms of use<\/h2>\n<p>The use of the Website grants you the status of User, and implies complete acceptance of all the clauses and conditions of use included in the pages:<\/p>\n<ul>\n<li><a href=\"https:\/\/novahomes.es\/en\/aviso-legal\/\">Legal warning<\/a><\/li>\n<li><a href=\"https:\/\/novahomes.es\/en\/politica-privacidad\/\">Privacy Policy<\/a><\/li>\n<\/ul>\n<p>\u00a0<\/p>\n<p>If you do not agree with each and every one of these clauses and conditions, please refrain from using the Website.<\/p>\n<p>Access to the Website does not imply, in any way, the beginning of a commercial relationship with the Owner.<\/p>\n<p>Through the Website, the Owner provides access and use of various content that the Owner and\/or its collaborators have published through the Internet.<\/p>\n<p>To this end, you are obliged and committed NOT to use any of the contents of the Website for illicit purposes or effects, prohibited in this Legal Notice or by current legislation, harmful to the rights and interests of third parties, or that in any way may damage, disable, overload, deteriorate or prevent the normal use of the contents, computer equipment or documents, files and all types of content stored on any computer equipment owned or contracted by the Owner, other users or any Internet user .<\/p>\n<h2>Security measures<\/h2>\n<p>The personal data provided to the Owner may be stored in automated databases or not, whose ownership corresponds exclusively to the Owner, who assumes all technical, organizational and security measures that guarantee the confidentiality, integrity and quality of the information. contained therein in accordance with the provisions of current data protection regulations.<\/p>\n<p>However, you must be aware that the security measures of computer systems on the Internet are not entirely reliable and that, therefore, the Owner cannot guarantee the absence of viruses or other elements that may cause alterations in computer systems (software and hardware) of the User or in their electronic documents and files contained therein, although the Owner puts all the necessary means and takes the appropriate security measures to avoid the presence of these harmful elements.<\/p>\n<h2>Processing of Personal Data<\/h2>\n<p>You can consult all the information related to the processing of personal data collected by the Owner on the page\u00a0<a href=\"https:\/\/novahomes.es\/en\/politica-privacidad\/\">Privacy Policy<\/a>.<\/p>\n<h2>Contents<\/h2>\n<p>The Owner has obtained the information, multimedia content and materials included on the Website from sources that it considers reliable, but, although it has taken all reasonable measures to ensure that the information contained is correct, the Owner does not guarantee that it is exact. , complete or updated. The Owner expressly declines any responsibility for errors or omissions in the information contained in the pages of the Website.<\/p>\n<p>It is prohibited to transmit or send through the Website any illegal or illicit content, computer viruses, or messages that, in general, affect or violate the rights of the Owner or third parties.<\/p>\n<p>The contents of the Website are for informational purposes only and under no circumstances should they be used or considered as an offer to sell, a request for an offer to purchase or a recommendation to carry out any other operation, unless expressly indicated.<\/p>\n<p>The Owner reserves the right to modify, suspend, cancel or restrict the content of the Website, the links or the information obtained through the Website, without prior notice.<\/p>\n<p>The Owner is not responsible for any damages that may arise from the use of the information on the Website.<\/p>\n<h2>Cookies policy<\/h2>\n<p>The Owner obtains and keeps the following information about visitors to the Website:<\/p>\n<p>\u00a0<\/p>\n<ul>\n<li>The provider&#039;s domain name (PSI) and\/or IP address that gives them access to the network.<\/li>\n<li>The date and time of access to the website.<\/li>\n<li>The Internet address of the source of the link that directs to the Website.<\/li>\n<li>The number of daily visitors to each section.<\/li>\n<li>The information obtained is completely anonymous, and in no case can it be associated with a specific and identified User.<\/li>\n<\/ul>\n<p>\u00a0<\/p>\n<h2>Links to other websites<\/h2>\n<p>The Owner may provide you with access to third-party websites through links with the exclusive purpose of informing about the existence of other sources of information on the Internet in which you can expand the data offered on the Website.<\/p>\n<p>These links to other websites do not in any case imply a suggestion or recommendation for you to visit the destination web pages, which are beyond the control of the Owner, so the Owner is not responsible for the content of the linked websites or the result you get by following the links. Likewise, the Owner is not responsible for the links located on the linked websites to which it provides access.<\/p>\n<p>The establishment of the link does not imply in any case the existence of relations between the Owner and the owner of the site on which the link is established, nor the acceptance or approval by the Owner of its contents or services.<\/p>\n<p>If you access an external website from a link found on the Website, you must read the other website&#039;s own privacy policy, which may be different from that of this Website.<\/p>\n<h2>Intellectual and industrial property<\/h2>\n<p>All rights reserved.<\/p>\n<p>All access to this Website is subject to the following conditions: the reproduction, permanent storage and dissemination of the contents or any other use for public or commercial purposes is expressly prohibited without the express prior written consent of the Owner.<\/p>\n<h2>Limitation of liability<\/h2>\n<p>The information and services included or available through the Website may include inaccuracies or typographical errors. The Owner periodically incorporates improvements and\/or changes to the information contained and\/or the Services that it may introduce at any time.<\/p>\n<p>The Owner does not represent or guarantee that the services or contents will be interrupted or free of errors, that defects will be corrected, or that the service or the server that makes it available are free of viruses or other harmful components, without prejudice to the fact that The Owner makes every effort to avoid this type of incident.<\/p>\n<p>The Owner declines any responsibility in the event of interruptions or malfunctions of the Services or content offered on the Internet, whatever the cause. Likewise, the Owner is not responsible for network outages, business losses as a result of said outages, temporary suspensions of electricity or any other type of indirect damage that may be caused to you by causes beyond the control of the Owner.<\/p>\n<p>Before making decisions and\/or actions based on the information included on the Website, the Owner recommends checking and contrasting the information received with other sources.<\/p>\n<h2>Jurisdiction<\/h2>\n<p>This Legal Notice is governed entirely by Spanish legislation.<\/p>\n<p>As long as there is no rule that requires otherwise, for any questions that may arise regarding the interpretation, application and compliance of this Legal Notice, as well as any claims that may arise from its use, the parties agree to submit to the Judges and Courts. of the province of Malaga, with express waiver of any other jurisdiction that may apply to them.<\/p>\n<h2>Contact<\/h2>\n<p>If you have any questions about this Legal Notice or want to make any comments about the Website, you can send an email message to the address: isabel.gomez@novahomes.es<\/p>\n<p>LEGAL WARNING<br \/>1. Legal information and acceptance<br \/>In compliance with article 10 of Law 34\/2002, of July 11, on Services of the<br \/>Information Society and Electronic Commerce, the data is shown below<br \/>company identifiers. This internet portal is placed at the service of users<br \/>by the entity, whose identifying data are<br \/>Company Name: Isabel G\u00f3mez Real Estate Services, SL<br \/>CIF: B93501062<br \/>Registered office: Carretera de M\u00e1laga 103, Local 2 29120 Alhaur\u00edn El Grande<br \/>Malaga<br \/>Telephone 952596261<br \/>Email: isabel.gomez@novahomes.es<br \/>Registry data: Registered in the Mercantile Registry of Malaga, on the 13th of<br \/>September 2016 in Volume 5548, Book 4455, Page 119,<br \/>Section 8, Sheet MA135873, I\/A 1.<br \/>This legal notice includes the general conditions that govern access and use of this<br \/>website, hereinafter &quot;the website&quot;. The use of the website implies the express and full acceptance<br \/>of these general conditions in the version published at the time the user<br \/>access it, without prejudice to the particular conditions that may apply to some<br \/>of the specific services of the website.<br \/>Access to the website is free except for the cost of the connection through<br \/>the telecommunications network supplied by the access provider contracted by the<br \/>users. Certain services are exclusive for our clients and their access is<br \/>finds restricted.<br \/>The use of the Portal attributes the status of user of the Portal (hereinafter, the &#039;User&#039;)<br \/>and implies the acceptance of all the conditions included in this Legal Notice. the benefit<br \/>of the Portal service has a limited duration at the moment in which the User<br \/>is connected to the Portal or to any of the services that are provided through it.<br \/>Therefore, the User must carefully read this Legal Notice in each of the<br \/>occasions in which it intends to use the Portal, since it and its conditions of use collected<br \/>in this Legal Notice may be modified.<br \/>Some Portal services accessible to Internet users or exclusive to<br \/>Clients of Servicios Inmobiliarios Isabel G\u00f3mez, SL, may be subject to<br \/>particular conditions, regulations and instructions that, where appropriate, replace, complete<br \/>and\/or modify this Legal Notice and that must be accepted by the User before<br \/>start the provision of the corresponding service.<br \/>2. Intellectual and industrial property<br \/>This website and the contents it houses are protected by law<br \/>applicable to intellectual property.<br \/>Servicios Inmobiliarios Isabel G\u00f3mez, SL is the owner or licensee of all rights<br \/>of intellectual and industrial property of its web, as well as of the elements contained in the<br \/>same. For this reason, the reproduction, distribution, communication<br \/>public and transformation of all or part of the contents of this website, for<br \/>commercial, in any support and by any technical means, without the authorization of<br \/>Terms and Conditions.<br \/>The trademarks, trade names or distinctive signs are owned by Services<br \/>Inmobiliarios Isabel G\u00f3mez, SL either by industrial or intellectual property, without<br \/>It can be understood that access to the Portal attributes no rights over the aforementioned brands,<br \/>trade names and\/or distinctive signs.<br \/>All products and services on these pages that are NOT owned by Services<br \/>Inmobiliarios Isabel G\u00f3mez, SL are registered trademarks of their respective owners and<br \/>are recognized as such by our company. They only appear on the Services website<br \/>Inmobiliarios Isabel G\u00f3mez, SL for the purposes of promotion and information gathering.<br \/>These owners can request the modification or deletion of the information that they<br \/>belongs.<br \/>3. Terms of use of the portal<br \/>3.1 Overview<br \/>The User undertakes to make correct use of the Portal in accordance with the Law and the<br \/>this Legal Notice. The User will respond to Servicios Inmobiliarios Isabel<br \/>G\u00f3mez, SL or against third parties, of any damages that may be caused<br \/>as a consequence of the breach of said obligation.<br \/>It is expressly prohibited to use the Portal for harmful purposes of goods or interests of<br \/>Servicios Inmobiliarios Isabel G\u00f3mez, SL or third parties or that in any other way<br \/>overload, damage or disable networks, servers and other computer equipment<br \/>(hardware) or products and computer applications (software) of Real Estate Services<br \/>Isabel G\u00f3mez, SL or third parties.<br \/>3.2 Contents<br \/>The User agrees to use the Contents in accordance with the Law and this<br \/>Legal Notice, as well as with the other conditions, regulations and instructions that, if applicable,<br \/>may be applicable in accordance with the provisions of clause 1.<br \/>With a merely illustrative character, the User in accordance with current legislation must<br \/>abstain from:<br \/>\u2013 Reproduce, copy, distribute, make available, communicate publicly,<br \/>transform or modify the Contents except in cases authorized by law or<br \/>expressly consented to by Servicios Inmobiliarios Isabel G\u00f3mez, SL or by<br \/>who owns the exploitation rights, if any.<br \/>\u2013 Reproduce or copy for private use the Contents that may be considered<br \/>as Software or Database in accordance with current legislation on the matter<br \/>of intellectual property, as well as its public communication or making available<br \/>of third parties when these acts necessarily imply reproduction by<br \/>of the User or a third party.<br \/>\u2013 Extract and\/or reuse all or a substantial part of the component Contents<br \/>of the Portal as well as the databases that Servicios Inmobiliarios Isabel<br \/>G\u00f3mez, SL makes available to Users.<br \/>3.3 Introduction of links to the Portal<br \/>The Internet user who wants to introduce links from their own web pages to the Portal<br \/>You must comply with the conditions that are detailed below without the ignorance<br \/>of the same avoid the responsibilities derived from the Law:<br \/>\uf0b7 The link will only link to the home page or main page of the Portal but<br \/>You may not reproduce it in any way (online links, copy of the texts, graphics,<br \/>etc).<br \/>\uf0b7 It will be prohibited in any case, in accordance with the applicable and current legislation in<br \/>at any time, establish frames or frames of any kind that surround the Portal<br \/>or allow the display of the Contents through Internet addresses<br \/>different from those of the Portal and, in any case, when they are displayed together with<br \/>content outside the Portal in such a way that: (I) it produces, or may produce, an error,<br \/>confusion or deception in users about the true origin of the service or<br \/>Contents; (II) involves an act of unfair comparison or imitation; (III) serve to<br \/>take advantage of the reputation of the brand and prestige of Servicios Inmobiliarios Isabel<br \/>G\u00f3mez, SL or (IV) in any other way is prohibited by law<br \/>current.<br \/>\uf0b7 No type of manifestation will be made from the page that introduces the link<br \/>false, inaccurate or incorrect about Servicios Inmobiliarios Isabel G\u00f3mez, SL, its<br \/>partners, employees, customers or about the quality of the services it provides.<br \/>\uf0b7 In no case will it be stated on the page where the link is located that Services<br \/>Inmobiliarios Isabel G\u00f3mez, SL has given its consent for the insertion<br \/>of the link or that otherwise sponsors, collaborates, verifies or supervises the services<br \/>from the sender.<br \/>\uf0b7 The use of any denominative, graphic or mixed mark or<br \/>any other distinctive sign of Servicios Inmobiliarios Isabel G\u00f3mez, SL<br \/>within the sender&#039;s page except as permitted by law or<br \/>expressly authorized by Servicios Inmobiliarios Isabel G\u00f3mez, SL and<br \/>provided that, in these cases, a direct link to the Portal is allowed in the form<br \/>established in this clause.<br \/>\uf0b7 The page that establishes the link must faithfully comply with the law and may not<br \/>In no case have or link to your own content or that of third parties that: (I) are<br \/>illicit, harmful or contrary to morality and good customs (pornographic,<br \/>violent, racist, etc.); (II) induce or may induce in the User the false<br \/>conception that Servicios Inmobiliarios Isabel G\u00f3mez, SL subscribes, endorses,<br \/>adheres to or in any way supports the ideas, statements or expressions,<br \/>legal or illegal, of the sender; (III) are inappropriate or not relevant to the<br \/>activity of Servicios Inmobiliarios Isabel G\u00f3mez, SL in attention to the place,<br \/>content and theme of the sender&#039;s website.<br \/>4. Exclusion of liability<br \/>4.1 Information<br \/>Servicios Inmobiliarios Isabel G\u00f3mez, SL is not responsible for the decisions made<br \/>based on the information provided on the Portal or the damages caused<br \/>in the User or third parties due to actions that are solely based on the<br \/>information obtained on the Portal.<br \/>4.2 On the quality of the service<br \/>Access to the Portal does not imply an obligation on the part of Servicios Inmobiliarios Isabel<br \/>G\u00f3mez, SL to control the absence of viruses, worms or any other computer element<br \/>harmful.<br \/>In any case, the User is responsible for the availability of adequate tools for the<br \/>detection and disinfection of harmful computer programs.<br \/>Servicios Inmobiliarios Isabel G\u00f3mez, SL is not responsible for the damages produced<br \/>in the computer equipment of the Users or third parties during the provision of the service<br \/>of the Portal.<br \/>4.3 Availability of the Service<br \/>Access to the Portal requires third-party services and supplies, including transportation to<br \/>through telecommunications networks whose reliability, quality, continuity and operation<br \/>does not correspond to Servicios Inmobiliarios Isabel G\u00f3mez, SL Therefore, the<br \/>services provided through the Portal may be suspended, canceled or result<br \/>inaccessible, prior to or simultaneously with the provision of the Portal service.<br \/>Servicios Inmobiliarios Isabel G\u00f3mez, SL is not responsible for damages or losses<br \/>of any type produced in the User that cause failures or disconnections in the<br \/>telecommunications networks that cause the suspension, cancellation or interruption of the<br \/>Portal service during its provision or prior to it.<br \/>4.4 Of the contents and services linked through the Portal<br \/>The Portal access service includes technical link devices, directories and even<br \/>search tools that allow the user to access other pages and portals of<br \/>Internet (hereinafter, &#039;Linked Sites&#039;). In these cases, Isabel Real Estate Services<br \/>G\u00f3mez, SL acts as a provider of intermediation services in accordance with the<br \/>Article 17 of Law 34\/2002, of July 12, on Services of the Information Society<br \/>and Electronic Commerce (LSSI) and will only be responsible for the contents and services<br \/>provided on the Linked Sites to the extent that you have effective knowledge of the<br \/>illegality and has not deactivated the link with due diligence. In the event that the<br \/>User considers that there is a Linked Site with illegal or inappropriate content may<br \/>notify Servicios Inmobiliarios Isabel G\u00f3mez, SL in accordance with the<br \/>procedure and the effects established in clause 6, without in any case this<br \/>communication entails the obligation to remove the corresponding link.<br \/>In no case, the existence of Linked Sites should presuppose the existence of agreements<br \/>with those responsible or owners thereof, nor the recommendation, promotion or<br \/>identification of Servicios Inmobiliarios Isabel G\u00f3mez, SL with the statements,<br \/>content or services provided.<br \/>Servicios Inmobiliarios Isabel G\u00f3mez, SL does not know the contents and services of the<br \/>Linked Sites and therefore is not responsible for damages caused by illegality,<br \/>quality, outdated, unavailability, error and uselessness of the contents and\/or services<br \/>of the Linked Sites or for any other damage that is not directly attributable to<br \/>Real Estate Services Isabel G\u00f3mez, SL<br \/>5. Data protection.<br \/>You can consult our Data Protection policy (link) to know the use that<br \/>we make of your personal data.<br \/>6. Communication of illegal and inappropriate activities<br \/>In the event that the User or any other Internet user were aware of<br \/>that the Linked Sites refer to pages whose contents or services are illegal, harmful,<br \/>demeaning, violent or contrary to morality may contact Services<br \/>Inmobiliarios Isabel G\u00f3mez, SL indicating the following points:<br \/>1. Personal data of the caller: name, address, telephone number and<br \/>Email address;<br \/>2. Description of the facts that reveal the illegal or inappropriate nature of the Site<br \/>linked;<br \/>3. In the event of violation of rights, such as intellectual and industrial property,<br \/>the personal data of the owner of the infringed right when it is a person other than the<br \/>caller.<br \/>4. You must also provide the title that certifies the legitimacy of the owner of the<br \/>rights and, where appropriate, the representation to act on behalf of the owner when<br \/>is a person other than the caller;<br \/>5. Express statement that the information contained in the claim is accurate.<br \/>The receipt by Servicios Inmobiliarios Isabel G\u00f3mez, SL of the communication<br \/>provided in this clause will not imply, according to the provisions of the LSSI, effective knowledge<br \/>of the activities and\/or contents indicated by the caller.<br \/>Likewise, you must provide the title that proves the legitimacy of the owner of the rights and,<br \/>where appropriate, that of representation to act on behalf of the owner when it is a different person<br \/>of the communicator<br \/>7. Notifications<br \/>All notifications and communications made by the parties will be valid<br \/>accordance with the means admitted by law. Those related to this Portal are<br \/>They will be considered effective, for all purposes, if they are carried out through the Portal itself.<br \/>8. Modifications<br \/>Servicios Inmobiliarios Isabel G\u00f3mez, SL reserves the right to make without prior<br \/>notice the modifications that it deems appropriate on its website, being able to change, delete or<br \/>add both the content and services provided through it and the way in which<br \/>which they appear presented.<br \/>On the other hand, these terms and conditions may change at any time.<br \/>The modifications will enter into force from the moment of their publication.<br \/>9. Social Networks<br \/>Servicios Inmobiliarios Isabel G\u00f3mez, SL is present in various social networks and<br \/>platforms, therefore, when accessing any of these or other networks, you will need to<br \/>keep in mind that the applicable conditions of use are those that each platform has<br \/>established, in which Servicios Inmobiliarios Isabel G\u00f3mez, SL does not intervene.<br \/>10. Legislation<br \/>This Legal Notice is governed in each and every one of its extremes by Spanish law<br \/>As long as the applicable Law allows the waiver of the established legal jurisdiction, it is designated<br \/>as jurisdiction to settle possible disputes, the courts of Malaga, renouncing<br \/>expressly the user to any other jurisdiction that may correspond.<\/p>\n\t\t\t\t\t\t\t\t<\/div>\n\t\t\t\t<\/div>\n\t\t\t\t\t<\/div>\n\t\t<\/div>\n\t\t\t\t\t<\/div>\n\t\t<\/section>\n\t\t\t\t<\/div>","protected":false},"excerpt":{"rendered":"<p>Identification and Ownership In compliance with article 10 of Law 34\/2002, of July 11, on Information Society Services and Electronic Commerce, the Owner sets out its identifying details: Owner: Servicios Inmobiliarios Isabel G\u00f3mez, SL NIF: B93501062 Registered in the commercial register of Malaga, volume 5548, book 4455, section 8, folio 119, [\u2026]<\/p>","protected":false},"author":1,"featured_media":0,"parent":0,"menu_order":0,"comment_status":"closed","ping_status":"closed","template":"elementor_header_footer","meta":{"_joinchat":[],"footnotes":""},"class_list":["post-30807","page","type-page","status-publish","hentry"],"aioseo_notices":[],"_links":{"self":[{"href":"https:\/\/novahomes.es\/en\/wp-json\/wp\/v2\/pages\/30807","targetHints":{"allow":["GET"]}}],"collection":[{"href":"https:\/\/novahomes.es\/en\/wp-json\/wp\/v2\/pages"}],"about":[{"href":"https:\/\/novahomes.es\/en\/wp-json\/wp\/v2\/types\/page"}],"author":[{"embeddable":true,"href":"https:\/\/novahomes.es\/en\/wp-json\/wp\/v2\/users\/1"}],"replies":[{"embeddable":true,"href":"https:\/\/novahomes.es\/en\/wp-json\/wp\/v2\/comments?post=30807"}],"version-history":[{"count":5,"href":"https:\/\/novahomes.es\/en\/wp-json\/wp\/v2\/pages\/30807\/revisions"}],"predecessor-version":[{"id":32907,"href":"https:\/\/novahomes.es\/en\/wp-json\/wp\/v2\/pages\/30807\/revisions\/32907"}],"wp:attachment":[{"href":"https:\/\/novahomes.es\/en\/wp-json\/wp\/v2\/media?parent=30807"}],"curies":[{"name":"wp","href":"https:\/\/api.w.org\/{rel}","templated":true}]}}